{"id":158,"date":"2025-01-03T13:44:32","date_gmt":"2025-01-03T12:44:32","guid":{"rendered":"https:\/\/www.polares.pl\/?page_id=158"},"modified":"2026-04-17T15:31:47","modified_gmt":"2026-04-17T13:31:47","slug":"wez-udzial","status":"publish","type":"page","link":"https:\/\/www.polares.pl\/index.php\/wez-udzial\/","title":{"rendered":"FAQ"},"content":{"rendered":"\n<div class=\"wp-block-kadence-advancedbtn kb-buttons-wrap kb-btns158_eb2ce0-37\"><a class=\"kb-button kt-button button kb-btn158_83f958-1c kt-btn-size-standard kt-btn-width-type-full kb-btn-global-fill  kt-btn-has-text-true kt-btn-has-svg-true  wp-block-kadence-singlebtn\" href=\"https:\/\/redcap.polares.pl\/surveys\/?s=X8PXJJRMDKYECHAN\" target=\"_blank\" rel=\"noreferrer noopener\"><span class=\"kt-btn-inner-text\"><strong>We\u017a udzia\u0142 W BADANIU<\/strong><\/span><span class=\"kb-svg-icon-wrap kb-svg-icon-fe_arrowRight kt-btn-icon-side-right\"><svg viewBox=\"0 0 24 24\"  fill=\"none\" stroke=\"currentColor\" stroke-width=\"2\" stroke-linecap=\"round\" stroke-linejoin=\"round\" xmlns=\"http:\/\/www.w3.org\/2000\/svg\"  aria-hidden=\"true\"><line x1=\"5\" y1=\"12\" x2=\"19\" y2=\"12\"\/><polyline points=\"12 5 19 12 12 19\"\/><\/svg><\/span><\/a><\/div>\n\n\n\n<div class=\"wp-block-kadence-accordion alignnone\"><div class=\"kt-accordion-wrap kt-accordion-id158_54b1bd-09 kt-accordion-has-12-panes kt-active-pane-3 kt-accordion-block kt-pane-header-alignment-left kt-accodion-icon-style-arrow kt-accodion-icon-side-right\" style=\"max-width:none\"><div class=\"kt-accordion-inner-wrap\" data-allow-multiple-open=\"false\" data-start-open=\"none\">\n<div class=\"wp-block-kadence-pane kt-accordion-pane kt-accordion-pane-4 kt-pane158_7091a1-45\"><div class=\"kt-accordion-header-wrap\"><button class=\"kt-blocks-accordion-header kt-acccordion-button-label-show\" type=\"button\"><span class=\"kt-blocks-accordion-title-wrap\"><span class=\"kt-blocks-accordion-title\">Kto mo\u017ce wzi\u0105\u0107 udzia\u0142?<\/span><\/span><span class=\"kt-blocks-accordion-icon-trigger\"><\/span><\/button><\/div><div class=\"kt-accordion-panel kt-accordion-panel-hidden\"><div class=\"kt-accordion-panel-inner\">\n<p>W Badaniu Polares mog\u0105 wzi\u0105\u0107 udzia\u0142:<\/p>\n\n\n\n<ul class=\"wp-block-list\">\n<li>osoby pe\u0142noletnie,&nbsp;<\/li>\n\n\n\n<li>mieszkaj\u0105ce w Polsce na sta\u0142e,&nbsp;<\/li>\n\n\n\n<li>oraz posiadaj\u0105ce uprawnienia do korzystania ze \u015bwiadcze\u0144 zdrowotnych w ramach powszechnego ubezpieczenia zdrowotnego.<\/li>\n<\/ul>\n\n\n\n<p>Wszystkie kryteria w\u0142\u0105czenia do Badania weryfikowane s\u0105 w formularzu kwalifikuj\u0105cym.<\/p>\n<\/div><\/div><\/div>\n\n\n\n<div class=\"wp-block-kadence-pane kt-accordion-pane kt-accordion-pane-1 kt-pane158_51e3cf-e2\"><div class=\"kt-accordion-header-wrap\"><button class=\"kt-blocks-accordion-header kt-acccordion-button-label-show\" type=\"button\"><span class=\"kt-blocks-accordion-title-wrap\"><span class=\"kt-blocks-accordion-title\">Czy udzia\u0142 w badaniu jest anonimowy?<\/span><\/span><span class=\"kt-blocks-accordion-icon-trigger\"><\/span><\/button><\/div><div class=\"kt-accordion-panel kt-accordion-panel-hidden\"><div class=\"kt-accordion-panel-inner\">\n<p>Tak. W ramieniu 4 (og\u00f3lnopolskim), dane osobowe nie s\u0105 gromadzone. W pozosta\u0142ych ramionach, ka\u017cdy uczestnik otrzymuje unikalny kod identyfikacyjny, a wszystkie informacje s\u0105 analizowane zbiorczo. Dane laboratoryjne s\u0105 kodowane i przechowywane z zachowaniem najwy\u017cszych standard\u00f3w bezpiecze\u0144stwa.<\/p>\n<\/div><\/div><\/div>\n\n\n\n<div class=\"wp-block-kadence-pane kt-accordion-pane kt-accordion-pane-5 kt-pane158_7b984e-11\"><div class=\"kt-accordion-header-wrap\"><button class=\"kt-blocks-accordion-header kt-acccordion-button-label-show\" type=\"button\"><span class=\"kt-blocks-accordion-title-wrap\"><span class=\"kt-blocks-accordion-title\">Jakie s\u0105 korzy\u015bci z udzia\u0142u w badaniu?<\/span><\/span><span class=\"kt-blocks-accordion-icon-trigger\"><\/span><\/button><\/div><div class=\"kt-accordion-panel kt-accordion-panel-hidden\"><div class=\"kt-accordion-panel-inner\">\n<p>Udzia\u0142 w Badaniu to inwestycja we w\u0142asne zdrowie, mo\u017cliwo\u015b\u0107 bezp\u0142atnego wykonania drogich bada\u0144 laboratoryjnych i otrzymania fachowej konsultacji lekarskiej. Uczestnictwo wspiera rozw\u00f3j nauki i program\u00f3w profilaktycznych.<\/p>\n<\/div><\/div><\/div>\n\n\n\n<div class=\"wp-block-kadence-pane kt-accordion-pane kt-accordion-pane-12 kt-pane158_58332c-38\"><div class=\"kt-accordion-header-wrap\"><button class=\"kt-blocks-accordion-header kt-acccordion-button-label-show\" type=\"button\"><span class=\"kt-blocks-accordion-title-wrap\"><span class=\"kt-blocks-accordion-title\">Na czym polega badanie?<\/span><\/span><span class=\"kt-blocks-accordion-icon-trigger\"><\/span><\/button><\/div><div class=\"kt-accordion-panel kt-accordion-panel-hidden\"><div class=\"kt-accordion-panel-inner\">\n<p>Badanie sk\u0142ada si\u0119 z dw\u00f3ch element\u00f3w: kr\u00f3tkiego wywiadu\/ankiety dotycz\u0105cej zdrowia, stylu \u017cycia i zachowa\u0144 seksualnych, badania laboratoryjnego (w zale\u017cno\u015bci od ramienia: testy na obecno\u015b\u0107 STI\/HIV lub badania przesiewowe). Uczestnik mo\u017ce otrzyma\u0107 informacje o swoim stanie zdrowia i w razie potrzeby zosta\u0107 skierowany do dalszej diagnostyki lub leczenia.<\/p>\n<\/div><\/div><\/div>\n\n\n\n<div class=\"wp-block-kadence-pane kt-accordion-pane kt-accordion-pane-6 kt-pane158_ae3856-bf\"><div class=\"kt-accordion-header-wrap\"><button class=\"kt-blocks-accordion-header kt-acccordion-button-label-show\" type=\"button\"><span class=\"kt-blocks-accordion-title-wrap\"><span class=\"kt-blocks-accordion-title\">Czy udzia\u0142 jest bezp\u0142atny?<\/span><\/span><span class=\"kt-blocks-accordion-icon-trigger\"><\/span><\/button><\/div><div class=\"kt-accordion-panel kt-accordion-panel-hidden\"><div class=\"kt-accordion-panel-inner\">\n<p>Tak. Zar\u00f3wno udzia\u0142 w badaniu, jak i wszystkie testy oraz materia\u0142y edukacyjne s\u0105 bezp\u0142atne dla uczestnik\u00f3w.<\/p>\n<\/div><\/div><\/div>\n\n\n\n<div class=\"wp-block-kadence-pane kt-accordion-pane kt-accordion-pane-7 kt-pane158_2a24a2-52\"><div class=\"kt-accordion-header-wrap\"><button class=\"kt-blocks-accordion-header kt-acccordion-button-label-show\" type=\"button\"><span class=\"kt-blocks-accordion-title-wrap\"><span class=\"kt-blocks-accordion-title\">Czy musz\u0119 przyj\u015b\u0107 osobi\u015bcie?<\/span><\/span><span class=\"kt-blocks-accordion-icon-trigger\"><\/span><\/button><\/div><div class=\"kt-accordion-panel kt-accordion-panel-hidden\"><div class=\"kt-accordion-panel-inner\">\n<p>Badanie populacyjne odbywa si\u0119 online. W przypadku bada\u0144 laboratoryjnych konieczna b\u0119dzie wizyta w jednym z o\u015brodk\u00f3w. Podczas pierwszej wizyty okre\u015blona zostanie cz\u0119stotliwo\u015b\u0107 kolejnych wizyt.<\/p>\n<\/div><\/div><\/div>\n\n\n\n<div class=\"wp-block-kadence-pane kt-accordion-pane kt-accordion-pane-8 kt-pane158_6b46fd-db\"><div class=\"kt-accordion-header-wrap\"><button class=\"kt-blocks-accordion-header kt-acccordion-button-label-show\" type=\"button\"><span class=\"kt-blocks-accordion-title-wrap\"><span class=\"kt-blocks-accordion-title\">Co si\u0119 stanie z moimi wynikami?<\/span><\/span><span class=\"kt-blocks-accordion-icon-trigger\"><\/span><\/button><\/div><div class=\"kt-accordion-panel kt-accordion-panel-hidden\"><div class=\"kt-accordion-panel-inner\">\n<p>Zbiorcze dane s\u0105 wykorzystywane do analiz epidemiologicznych i nie s\u0105 \u0142\u0105czone z danymi osobowymi. Wyniki bada\u0144 indywidualnych przekazywane s\u0105 uczestnikowi w bezpieczny spos\u00f3b. <\/p>\n<\/div><\/div><\/div>\n\n\n\n<div class=\"wp-block-kadence-pane kt-accordion-pane kt-accordion-pane-11 kt-pane158_cc0033-91\"><div class=\"kt-accordion-header-wrap\"><button class=\"kt-blocks-accordion-header kt-acccordion-button-label-show\" type=\"button\"><span class=\"kt-blocks-accordion-title-wrap\"><span class=\"kt-blocks-accordion-title\">Czy otrzymam jakie\u015b wynagrodzenie?<\/span><\/span><span class=\"kt-blocks-accordion-icon-trigger\"><\/span><\/button><\/div><div class=\"kt-accordion-panel kt-accordion-panel-hidden\"><div class=\"kt-accordion-panel-inner\">\n<p>Za udzia\u0142 w badaniu nie otrzymuje si\u0119 wynagrodzenia. Warto jednak zaznaczy\u0107, \u017ce koszt bada\u0144 i analiz medycznych oferowanych w ramach realizacji projektu jest wysoki, a od uczestnik\u00f3w badania nie b\u0119d\u0105 pobierane \u017cadne op\u0142aty.<\/p>\n<\/div><\/div><\/div>\n\n\n\n<div class=\"wp-block-kadence-pane kt-accordion-pane kt-accordion-pane-9 kt-pane158_1f2587-ea\"><div class=\"kt-accordion-header-wrap\"><button class=\"kt-blocks-accordion-header kt-acccordion-button-label-show\" type=\"button\"><span class=\"kt-blocks-accordion-title-wrap\"><span class=\"kt-blocks-accordion-title\">Do kogo mog\u0119 napisa\u0107, je\u015bli mam jakiekolwiek w\u0105tpliwo\u015bci lub pytania?<\/span><\/span><span class=\"kt-blocks-accordion-icon-trigger\"><\/span><\/button><\/div><div class=\"kt-accordion-panel kt-accordion-panel-hidden\"><div class=\"kt-accordion-panel-inner\">\n<p>W razie pyta\u0144 zapraszamy do kontaktu poprzez <a href=\"https:\/\/www.polares.pl\/index.php\/kontakt\/\" data-type=\"page\" data-id=\"415\">formularz kontaktowy<\/a>.<\/p>\n<\/div><\/div><\/div>\n\n\n\n<div class=\"wp-block-kadence-pane kt-accordion-pane kt-accordion-pane-10 kt-pane158_123d38-ee\"><div class=\"kt-accordion-header-wrap\"><button class=\"kt-blocks-accordion-header kt-acccordion-button-label-show\" type=\"button\"><span class=\"kt-blocks-accordion-title-wrap\"><span class=\"kt-blocks-accordion-title\">Kto prowadzi i sponsoruje badanie?<\/span><\/span><span class=\"kt-blocks-accordion-icon-trigger\"><\/span><\/button><\/div><div class=\"kt-accordion-panel kt-accordion-panel-hidden\"><div class=\"kt-accordion-panel-inner\">\n<p>Badanie POLARES realizowane jest przez zesp\u00f3\u0142 naukowc\u00f3w i pracownik\u00f3w Uniwersytetu Warszawskiego. G\u0142\u00f3wnym badaczem jest Profesor Zbigniew Izdebski. Projekt w ca\u0142o\u015bci finansowany jest ze \u015brodk\u00f3w Agencji Bada\u0144 Medycznych, nr projektu 2023\/ABM\/003\/00046.<\/p>\n\n\n\n<p>Wizyty i konsultacje prowadz\u0105 O\u015brodki Medyczne.<\/p>\n\n\n\n<p>Badania Laboratoryjne realizowane s\u0105 przez firm\u0119 Diagnostyka.<\/p>\n<\/div><\/div><\/div>\n<\/div><\/div><\/div>\n\n\n\n<p><\/p>\n","protected":false},"excerpt":{"rendered":"","protected":false},"author":2,"featured_media":0,"parent":0,"menu_order":0,"comment_status":"closed","ping_status":"closed","template":"","meta":{"footnotes":""},"class_list":["post-158","page","type-page","status-publish","hentry"],"_links":{"self":[{"href":"https:\/\/www.polares.pl\/index.php\/wp-json\/wp\/v2\/pages\/158","targetHints":{"allow":["GET"]}}],"collection":[{"href":"https:\/\/www.polares.pl\/index.php\/wp-json\/wp\/v2\/pages"}],"about":[{"href":"https:\/\/www.polares.pl\/index.php\/wp-json\/wp\/v2\/types\/page"}],"author":[{"embeddable":true,"href":"https:\/\/www.polares.pl\/index.php\/wp-json\/wp\/v2\/users\/2"}],"replies":[{"embeddable":true,"href":"https:\/\/www.polares.pl\/index.php\/wp-json\/wp\/v2\/comments?post=158"}],"version-history":[{"count":11,"href":"https:\/\/www.polares.pl\/index.php\/wp-json\/wp\/v2\/pages\/158\/revisions"}],"predecessor-version":[{"id":535,"href":"https:\/\/www.polares.pl\/index.php\/wp-json\/wp\/v2\/pages\/158\/revisions\/535"}],"wp:attachment":[{"href":"https:\/\/www.polares.pl\/index.php\/wp-json\/wp\/v2\/media?parent=158"}],"curies":[{"name":"wp","href":"https:\/\/api.w.org\/{rel}","templated":true}]}}