{"id":369,"date":"2026-01-23T11:59:13","date_gmt":"2026-01-23T10:59:13","guid":{"rendered":"https:\/\/www.polares.pl\/?page_id=369"},"modified":"2026-02-25T14:25:47","modified_gmt":"2026-02-25T13:25:47","slug":"o-badaniu","status":"publish","type":"page","link":"https:\/\/www.polares.pl\/index.php\/o-badaniu\/","title":{"rendered":"O badaniu"},"content":{"rendered":"\n<div class=\"wp-block-group alignfull has-global-padding is-layout-constrained wp-container-core-group-is-layout-3317f9b0 wp-block-group-is-layout-constrained has-background\" style=\"padding-top:var(--wp--preset--spacing--10);padding-right:var(--wp--preset--spacing--50);padding-bottom:var(--wp--preset--spacing--10);padding-left:var(--wp--preset--spacing--50);background-image:url(&apos;https:\/\/www.polares.pl\/wp-content\/uploads\/2026\/02\/colorful-vivid-abstract-background-with-blue-and-purple-with-dark-lines-and-lights-7130472-scaled.jpg&apos;);background-size:cover;background-attachment:fixed;\">\n<div class=\"wp-block-group has-global-padding is-layout-constrained wp-container-core-group-is-layout-650790e1 wp-block-group-is-layout-constrained\">\n<h1 class=\"wp-block-heading has-text-align-center has-base-color has-text-color has-link-color has-large-font-size wp-elements-f7ed7254e08cd39ef6f49843283e7206\">Badanie w\u015br\u00f3d czterech populacji b\u0119dzie realizowane na przestrzeni kolejnych trzech lat (2026-2029), a ka\u017cda z grup b\u0119dzie mie\u0107 sw\u00f3j harmonogram pomiar\u00f3w.&nbsp;<\/h1>\n\n\n\n<div style=\"height:1.25rem\" aria-hidden=\"true\" class=\"wp-block-spacer\"><\/div>\n\n\n\n<div style=\"height:1.25rem\" aria-hidden=\"true\" class=\"wp-block-spacer\"><\/div>\n\n\n<\/div>\n<\/div>\n\n\n\n<div class=\"wp-block-group alignfull has-global-padding is-layout-constrained wp-container-core-group-is-layout-d89aad35 wp-block-group-is-layout-constrained\" style=\"margin-top:0;margin-bottom:0;padding-top:var(--wp--preset--spacing--50);padding-right:var(--wp--preset--spacing--50);padding-bottom:var(--wp--preset--spacing--50);padding-left:var(--wp--preset--spacing--50)\">\n<div class=\"wp-block-group alignwide has-global-padding is-layout-constrained wp-container-core-group-is-layout-19e250f3 wp-block-group-is-layout-constrained\">\n<div class=\"wp-block-group is-vertical is-content-justification-center is-layout-flex wp-container-core-group-is-layout-6329a8f3 wp-block-group-is-layout-flex\">\n<h2 class=\"wp-block-heading has-text-align-left is-style-asterisk\">Realizacja badania w populacji mieszka\u0144c\u00f3w Polski&nbsp;<\/h2>\n<\/div>\n\n\n\n<p class=\"has-text-align-left has-small-font-size\">Badanie w\u015br\u00f3d doros\u0142ych mieszka\u0144c\u00f3w Polski realizowane jest w formie ankiety wype\u0142nianej samodzielnie (bez wizyt w&nbsp;o\u015brodkach medycznych, wywiad\u00f3w lekarskich i bada\u0144 laboratoryjnych). Badanie trwa 3 lata i obejmuje&nbsp;<strong>3 pomiary\/ankiety&nbsp;<\/strong>(co ok. 12 miesi\u0119cy)<strong>.<\/strong><\/p>\n\n\n\n<div style=\"height:var(--wp--preset--spacing--40)\" aria-hidden=\"true\" class=\"wp-block-spacer\"><\/div>\n\n\n\n<div class=\"wp-block-columns alignwide is-layout-flex wp-container-core-columns-is-layout-d1c656ed wp-block-columns-is-layout-flex\">\n<div class=\"wp-block-column is-vertically-aligned-center is-layout-flow wp-block-column-is-layout-flow\" style=\"flex-basis:40%\">\n<h3 class=\"wp-block-heading is-style-asterisk\">Realizacja badania w populacji student\u00f3w<\/h3>\n\n\n\n<p class=\"has-text-align-left has-small-font-size\">Badanie obejmuje wizyty w&nbsp;o\u015brodku medycznym&nbsp;&#8211; wywiad lekarski, pobranie materia\u0142u laboratoryjnego (krwi, wymaz\u00f3w) oraz samodzielne wype\u0142nianie ankiety przez uczestnika. <\/p>\n\n\n\n<p class=\"has-text-align-left has-small-font-size\">Badanie trwa&nbsp;<strong>2-3 lata&nbsp;<\/strong>(pocz\u0105wszy od pierwszej wizyty). W czasie tego okresu planowane s\u0105&nbsp;<strong>3 wizyty<\/strong>&nbsp;(co ok. 12 miesi\u0119cy, 1 wizyta rocznie) we wskazanym&nbsp;o\u015brodku medycznym.<\/p>\n<\/div>\n\n\n\n<div class=\"wp-block-column is-layout-flow wp-block-column-is-layout-flow\" style=\"flex-basis:50%\">\n<figure class=\"wp-block-image size-large is-style-rounded is-style-rounded--1\"><img loading=\"lazy\" decoding=\"async\" width=\"1024\" height=\"683\" src=\"https:\/\/www.polares.pl\/wp-content\/uploads\/2026\/01\/a-diverse-group-of-college-students-engaging-in-a-lively-study-session-indoors.-5676744-1024x683.jpg\" alt=\"A diverse group of college students engaging in a lively study session indoors.\" class=\"wp-image-370\" srcset=\"https:\/\/www.polares.pl\/wp-content\/uploads\/2026\/01\/a-diverse-group-of-college-students-engaging-in-a-lively-study-session-indoors.-5676744-1024x683.jpg 1024w, https:\/\/www.polares.pl\/wp-content\/uploads\/2026\/01\/a-diverse-group-of-college-students-engaging-in-a-lively-study-session-indoors.-5676744-300x200.jpg 300w, https:\/\/www.polares.pl\/wp-content\/uploads\/2026\/01\/a-diverse-group-of-college-students-engaging-in-a-lively-study-session-indoors.-5676744-768x512.jpg 768w, https:\/\/www.polares.pl\/wp-content\/uploads\/2026\/01\/a-diverse-group-of-college-students-engaging-in-a-lively-study-session-indoors.-5676744-1536x1024.jpg 1536w, https:\/\/www.polares.pl\/wp-content\/uploads\/2026\/01\/a-diverse-group-of-college-students-engaging-in-a-lively-study-session-indoors.-5676744-2048x1365.jpg 2048w\" sizes=\"auto, (max-width: 1024px) 100vw, 1024px\" \/><\/figure>\n<\/div>\n<\/div>\n\n\n\n<div style=\"height:var(--wp--preset--spacing--40)\" aria-hidden=\"true\" class=\"wp-block-spacer\"><\/div>\n\n\n\n<div class=\"wp-block-columns alignwide is-layout-flex wp-container-core-columns-is-layout-d1c656ed wp-block-columns-is-layout-flex\">\n<div class=\"wp-block-column is-layout-flow wp-block-column-is-layout-flow\" style=\"flex-basis:50%\">\n<figure class=\"wp-block-image size-large is-style-rounded is-style-rounded--2\"><img loading=\"lazy\" decoding=\"async\" width=\"1024\" height=\"683\" src=\"https:\/\/www.polares.pl\/wp-content\/uploads\/2026\/01\/close-up-image-of-a-couple-holding-hands-with-a-condom-symbolizing-safe-sex.-6777870-1024x683.jpg\" alt=\"Close-up image of a couple holding hands with a condom, symbolizing safe sex.\" class=\"wp-image-372\" srcset=\"https:\/\/www.polares.pl\/wp-content\/uploads\/2026\/01\/close-up-image-of-a-couple-holding-hands-with-a-condom-symbolizing-safe-sex.-6777870-1024x683.jpg 1024w, https:\/\/www.polares.pl\/wp-content\/uploads\/2026\/01\/close-up-image-of-a-couple-holding-hands-with-a-condom-symbolizing-safe-sex.-6777870-300x200.jpg 300w, https:\/\/www.polares.pl\/wp-content\/uploads\/2026\/01\/close-up-image-of-a-couple-holding-hands-with-a-condom-symbolizing-safe-sex.-6777870-768x512.jpg 768w, https:\/\/www.polares.pl\/wp-content\/uploads\/2026\/01\/close-up-image-of-a-couple-holding-hands-with-a-condom-symbolizing-safe-sex.-6777870-1536x1024.jpg 1536w, https:\/\/www.polares.pl\/wp-content\/uploads\/2026\/01\/close-up-image-of-a-couple-holding-hands-with-a-condom-symbolizing-safe-sex.-6777870-2048x1365.jpg 2048w\" sizes=\"auto, (max-width: 1024px) 100vw, 1024px\" \/><\/figure>\n<\/div>\n\n\n\n<div class=\"wp-block-column is-vertically-aligned-center is-layout-flow wp-block-column-is-layout-flow\" style=\"flex-basis:40%\">\n<h3 class=\"wp-block-heading is-style-asterisk\">Realizacja badania w pozosta\u0142ych dw\u00f3ch populacjach<\/h3>\n\n\n\n<p class=\"has-text-align-left has-small-font-size\">Realizacja bada\u0144 w\u015br\u00f3d pozosta\u0142ych dw\u00f3ch populacji (os\u00f3b \u017cyj\u0105cych z HIV oraz u\u017cywaj\u0105cych substancji psychoaktywnych w celach seksualnych) realizowane s\u0105 analogicznie jak w\u015br\u00f3d student\u00f3w.&nbsp;<\/p>\n\n\n\n<p class=\"has-text-align-left has-small-font-size\">Badanie obejmuje wizyty w&nbsp;o\u015brodku medycznym&nbsp;&#8211; wywiad lekarski, pobranie materia\u0142u laboratoryjnego (krwi, wymaz\u00f3w) oraz samodzielne wype\u0142nianie ankiety przez Uczestnika. Badanie trwa&nbsp;<strong>3 lata&nbsp;<\/strong>(pocz\u0105wszy od pierwszej wizyty). W czasie tego okresu planowanych jest&nbsp;<strong>do 6 wizyt<\/strong>&nbsp;(co ok. 6 miesi\u0119cy, 2 wizyty rocznie) we wskazanym&nbsp;o\u015brodku medycznym.<\/p>\n<\/div>\n<\/div>\n<\/div>\n<\/div>\n\n\n\n<div class=\"wp-block-group alignfull has-base-2-background-color has-background has-global-padding is-layout-constrained wp-container-core-group-is-layout-669513ed wp-block-group-is-layout-constrained\" style=\"margin-top:0;margin-bottom:0;padding-top:var(--wp--preset--spacing--50);padding-right:var(--wp--preset--spacing--50);padding-bottom:var(--wp--preset--spacing--50);padding-left:var(--wp--preset--spacing--50)\">\n<div class=\"wp-block-group is-vertical is-content-justification-center is-layout-flex wp-container-core-group-is-layout-52b864f0 wp-block-group-is-layout-flex\">\n<h2 class=\"wp-block-heading has-text-align-center is-style-asterisk\">Etapy realizacji badania<\/h2>\n\n\n\n<div style=\"height:0px\" aria-hidden=\"true\" class=\"wp-block-spacer wp-container-content-4f2ccadb\"><\/div>\n\n\n\n<p class=\"has-text-align-center has-small-font-size\">Badanie&nbsp;&nbsp;ma charakter prospektywny pod\u0142u\u017cny. Zgodnie z nim, efekt zdrowotny zostanie okre\u015blony poprzez por\u00f3wnanie wynik\u00f3w z pomiaru pocz\u0105tkowego i ko\u0144cowego, oraz trajektorii zmian w poszczeg\u00f3lnych pomiarach.&nbsp;&nbsp;<\/p>\n<\/div>\n\n\n\n<div style=\"margin-top:0;margin-bottom:0;height:var(--wp--preset--spacing--40)\" aria-hidden=\"true\" class=\"wp-block-spacer\"><\/div>\n\n\n\n<div class=\"wp-block-cover alignfull has-parallax\"><div role=\"img\" aria-label=\"A loving gay couple sharing an intimate moment while relaxing together indoors.\" class=\"wp-block-cover__image-background wp-image-397 size-large has-parallax\" style=\"background-position:50% 50%;background-image:url(https:\/\/www.polares.pl\/wp-content\/uploads\/2026\/01\/a-loving-gay-couple-sharing-an-intimate-moment-while-relaxing-together-indoors.-6621679-1024x683.jpg)\"><\/div><span aria-hidden=\"true\" class=\"wp-block-cover__background has-background-dim\" style=\"background-color:#4d4c4b\"><\/span><div class=\"wp-block-cover__inner-container is-layout-flow wp-block-cover-is-layout-flow\">\n<p class=\"has-text-align-center has-large-font-size\"><strong>Ramiona 1 i 2<\/strong><\/p>\n<\/div><\/div>\n\n\n\n<h2 class=\"wp-block-heading has-large-font-size\"><strong><strong>Etapy realizacji bada\u0144 w ramionach 1 i 2<\/strong><\/strong><\/h2>\n\n\n\n<div class=\"wp-block-columns alignwide is-layout-flex wp-container-core-columns-is-layout-d0bbbce0 wp-block-columns-is-layout-flex\">\n<div class=\"wp-block-column is-layout-flow wp-container-core-column-is-layout-e3d1c41b wp-block-column-is-layout-flow\">\n<h3 class=\"wp-block-heading has-text-align-left is-style-asterisk has-body-font-family has-medium-font-size\" style=\"font-style:normal;font-weight:600\">Rok pierwszy (pomiary 1 i 2)<\/h3>\n\n\n\n<p class=\"has-text-align-left has-small-font-size\">W pierwszym kroku nast\u0119puje weryfikacja kryteri\u00f3w w\u0142\u0105czenia do badania (w przypadku os\u00f3b \u017cyj\u0105cych z HIV jest ona realizowana przez lekarza w czasie rutynowych wizyt, w przypadku pozosta\u0142ych grup &#8211; w formie ankiety samodzielnie wype\u0142nianej w&nbsp;internecie).<\/p>\n\n\n\n<p class=\"has-small-font-size\">Po wyra\u017ceniu zgody na udzia\u0142 w badaniu, uczestnicy zostaj\u0105 zaproszeni na wizyt\u0119 w&nbsp;o\u015brodku medycznym, w czasie kt\u00f3rej zostanie przeprowadzony wywiad lekarski, pobrany materia\u0142 do bada\u0144 laboratoryjnych, oraz wype\u0142ni\u0105 ankiet\u0119 dotycz\u0105c\u0105 r\u00f3\u017cnych obszar\u00f3w zdrowia.&nbsp;<\/p>\n\n\n\n<p class=\"has-small-font-size\">Szacowany \u015bredni czas wizyty lekarskiej: do 30 minut<\/p>\n<\/div>\n\n\n\n<div class=\"wp-block-column is-layout-flow wp-container-core-column-is-layout-e3d1c41b wp-block-column-is-layout-flow\">\n<h3 class=\"wp-block-heading has-text-align-left is-style-asterisk has-body-font-family has-medium-font-size\" style=\"font-style:normal;font-weight:600\">Rok drugi (pomiary 3 i 4)<\/h3>\n\n\n\n<p class=\"has-text-align-left has-small-font-size\">W drugim i trzecim pomiarze (po ok. 6 miesi\u0105cach) uczestnicy badania zostan\u0105 zostan\u0105 zaproszeni telefonicznie na wizyt\u0119 w&nbsp;o\u015brodku medycznym&nbsp;(tym samym co w pierwszym pomiarze).&nbsp;<\/p>\n\n\n\n<p class=\"has-small-font-size\">Wizyta b\u0119dzie mie\u0107 podobny przebieg jak w pierwszym pomiarze (wywiad lekarski, pobranie materia\u0142u do bada\u0144 laboratoryjnych, wype\u0142nienie ankiety przez uczestnika).<\/p>\n\n\n\n<p class=\"has-small-font-size\">Szacowany \u015bredni czas wizyty lekarskiej: do 30 minut<\/p>\n<\/div>\n\n\n\n<div class=\"wp-block-column is-layout-flow wp-container-core-column-is-layout-e3d1c41b wp-block-column-is-layout-flow\">\n<h3 class=\"wp-block-heading has-text-align-left is-style-asterisk has-body-font-family has-medium-font-size\" style=\"font-style:normal;font-weight:600\">Rok trzeci (pomiar 5)<\/h3>\n\n\n\n<p class=\"has-text-align-left has-small-font-size\">W kolejnych pomiarach (po ok. 6 miesi\u0105cach) uczestnicy badania zostan\u0105 zostan\u0105 zaproszeni telefonicznie na wizyt\u0119 w&nbsp;o\u015brodku medycznym&nbsp;(tym samym co w poprzednich pomiarach).&nbsp;<\/p>\n\n\n\n<p class=\"has-text-align-left has-small-font-size\">Wizyta b\u0119dzie mie\u0107 podobny przebieg jak w poprzednich pomiarach (wywiad lekarski, pobranie materia\u0142u do bada\u0144 laboratoryjnych, wype\u0142nienie ankiety przez uczestnika).<\/p>\n\n\n\n<p class=\"has-small-font-size\">Szacowany \u015bredni czas wizyty lekarskiej: do 30 minut<\/p>\n<\/div>\n<\/div>\n\n\n\n<div class=\"wp-block-cover alignfull is-light has-parallax\"><div role=\"img\" aria-label=\"A group of college students with backpacks walking together outdoors on campus.\" class=\"wp-block-cover__image-background wp-image-395 size-large has-parallax\" style=\"background-position:50% 50%;background-image:url(https:\/\/www.polares.pl\/wp-content\/uploads\/2026\/01\/a-group-of-college-students-with-backpacks-walking-together-outdoors-on-campus.-1454360-1024x683.jpg)\"><\/div><span aria-hidden=\"true\" class=\"wp-block-cover__background has-background-dim\" style=\"background-color:#907a71\"><\/span><div class=\"wp-block-cover__inner-container is-layout-flow wp-block-cover-is-layout-flow\">\n<p class=\"has-text-align-center has-base-2-color has-text-color has-link-color has-large-font-size wp-elements-2a0b727f502883db19aeedea24f002b6\"><strong><strong><strong>Rami\u0119 3: studenci<\/strong><\/strong><\/strong><\/p>\n<\/div><\/div>\n\n\n\n<h2 class=\"wp-block-heading has-large-font-size\"><strong><strong>Etapy realizacji bada\u0144 w ramieniu 3 &#8211; populacji student\u00f3w&nbsp;<\/strong><\/strong><\/h2>\n\n\n\n<div class=\"wp-block-columns alignwide is-layout-flex wp-container-core-columns-is-layout-d0bbbce0 wp-block-columns-is-layout-flex\">\n<div class=\"wp-block-column is-layout-flow wp-container-core-column-is-layout-e3d1c41b wp-block-column-is-layout-flow\">\n<h3 class=\"wp-block-heading has-text-align-left is-style-asterisk has-body-font-family has-medium-font-size\" style=\"font-style:normal;font-weight:600\">Rok pierwszy (pomiar 1)<\/h3>\n\n\n\n<p class=\"has-text-align-left has-small-font-size\">W pierwszym kroku Studenci otrzymaj\u0105 otrzymaj\u0105 zaproszenie do udzia\u0142u w Badaniu.&nbsp;<\/p>\n\n\n\n<p class=\"has-small-font-size\">Po weryfikacji kryteri\u00f3w w\u0142\u0105czenia do badania (w kr\u00f3tkiej ankiecie rekrutacyjnej) i wyra\u017ceniu przez nich zgody, studenci zostan\u0105 zaproszeni telefonicznie na wizyt\u0119 w&nbsp;o\u015brodku medycznym, w czasie kt\u00f3rej zostanie przeprowadzony wywiad lekarski, pobrany materia\u0142 do bada\u0144 laboratoryjnych, oraz wype\u0142ni\u0105 ankiet\u0119 dotycz\u0105c\u0105 r\u00f3\u017cnych obszar\u00f3w zdrowia.&nbsp;<\/p>\n\n\n\n<p class=\"has-small-font-size\">Szacowany \u015bredni czas wizyty lekarskiej: do 60 minut<\/p>\n<\/div>\n\n\n\n<div class=\"wp-block-column is-layout-flow wp-container-core-column-is-layout-e3d1c41b wp-block-column-is-layout-flow\">\n<h3 class=\"wp-block-heading has-text-align-left is-style-asterisk has-body-font-family has-medium-font-size\" style=\"font-style:normal;font-weight:600\">Rok drugi (pomiar 2)<\/h3>\n\n\n\n<p class=\"has-text-align-left has-small-font-size\">W drugim pomiarze (po ok. 12 miesi\u0105cach) uczestnicy badania zostan\u0105 zostan\u0105 zaproszeni telefonicznie na wizyt\u0119 w&nbsp;o\u015brodku medycznym&nbsp;(tym samym co w pierwszym pomiarze).&nbsp;<\/p>\n\n\n\n<p class=\"has-text-align-left has-small-font-size\">Wizyta b\u0119dzie mie\u0107 podobny przebieg jak w pierwszym pomiarze (wywiad lekarski, pobranie materia\u0142u do bada\u0144 laboratoryjnych, wype\u0142nienie ankiety przez uczestnika).&nbsp;<\/p>\n\n\n\n<p class=\"has-small-font-size\">Szacowany \u015bredni czas wizyty lekarskiej: do 60 minut<\/p>\n<\/div>\n\n\n\n<div class=\"wp-block-column is-layout-flow wp-container-core-column-is-layout-e3d1c41b wp-block-column-is-layout-flow\">\n<h3 class=\"wp-block-heading has-text-align-left is-style-asterisk has-body-font-family has-medium-font-size\" style=\"font-style:normal;font-weight:600\">Rok trzeci (pomiar 3)<\/h3>\n\n\n\n<p class=\"has-text-align-left has-small-font-size\">W trzecim pomiarze (po ok. 12 miesi\u0105cach) uczestnicy badania zostan\u0105 zostan\u0105 zaproszeni telefonicznie na wizyt\u0119 w&nbsp;o\u015brodku medycznym&nbsp;(tym samym co w poprzednich pomiarach).&nbsp;<\/p>\n\n\n\n<p class=\"has-text-align-left has-small-font-size\">Wizyta b\u0119dzie mie\u0107 podobny przebieg jak w poprzednich pomiarach (wywiad lekarski, pobranie materia\u0142u do bada\u0144 laboratoryjnych, wype\u0142nienie ankiety przez uczestnika).<\/p>\n\n\n\n<p class=\"has-small-font-size\">Szacowany \u015bredni czas wizyty lekarskiej: do 60 minut<\/p>\n<\/div>\n<\/div>\n\n\n\n<div class=\"wp-block-cover alignfull has-parallax\"><div role=\"img\" aria-label=\"Vibrant crowd enjoying Pyrkon convention in urban Pozna\u0144 with skyscrapers lining the skyline.\" class=\"wp-block-cover__image-background wp-image-393 size-large has-parallax\" style=\"background-position:50% 50%;background-image:url(https:\/\/www.polares.pl\/wp-content\/uploads\/2026\/01\/vibrant-crowd-enjoying-pyrkon-convention-in-urban-poznan-with-skyscrapers-lining-the-skyline.-33533667-1024x683.jpg)\"><\/div><span aria-hidden=\"true\" class=\"wp-block-cover__background has-background-dim\" style=\"background-color:#6e746e\"><\/span><div class=\"wp-block-cover__inner-container is-layout-flow wp-block-cover-is-layout-flow\">\n<p class=\"has-text-align-center has-large-font-size\"><strong><strong><strong>Rami\u0119 4: populacja og\u00f3lna<\/strong><\/strong><\/strong><\/p>\n<\/div><\/div>\n\n\n\n<h2 class=\"wp-block-heading has-large-font-size\"><strong><strong>Etapy realizacji bada\u0144 w ramieniu 4 &#8211; populacji og\u00f3lnej&nbsp;<\/strong><\/strong><\/h2>\n\n\n\n<div class=\"wp-block-columns alignwide is-layout-flex wp-container-core-columns-is-layout-d0bbbce0 wp-block-columns-is-layout-flex\">\n<div class=\"wp-block-column is-layout-flow wp-container-core-column-is-layout-e3d1c41b wp-block-column-is-layout-flow\">\n<h3 class=\"wp-block-heading has-text-align-left is-style-asterisk has-body-font-family has-medium-font-size\" style=\"font-style:normal;font-weight:600\">Rok pierwszy (pomiar 1)<\/h3>\n\n\n\n<p class=\"has-text-align-left has-small-font-size\">W pierwszym pomiarze potencjalni uczestnicy (zrzeszeni w panelu internetowym) otrzymaj\u0105 zaproszenie do udzia\u0142u w badaniu.&nbsp;<\/p>\n\n\n\n<p class=\"has-small-font-size\">Po wyra\u017ceniu przez nich zgody i weryfikacji kryteri\u00f3w w\u0142\u0105czenia do badania zostan\u0105 poproszeni o wype\u0142nienie ankiety dotycz\u0105cej r\u00f3\u017cnych obszar\u00f3w zdrowia (w tym prokreacyjnego i seksualnego).<\/p>\n\n\n\n<p class=\"has-text-align-left has-small-font-size\">Szacowany \u015bredni czas wype\u0142nienia ankiety: ok. 60 minut<\/p>\n<\/div>\n\n\n\n<div class=\"wp-block-column is-layout-flow wp-container-core-column-is-layout-e3d1c41b wp-block-column-is-layout-flow\">\n<h3 class=\"wp-block-heading has-text-align-left is-style-asterisk has-body-font-family has-medium-font-size\" style=\"font-style:normal;font-weight:600\">Rok drugi (pomiar 2)<\/h3>\n\n\n\n<p class=\"has-text-align-left has-small-font-size\">W drugim pomiarze (po ok. 12 miesi\u0105cach) uczestnicy badania zostan\u0105 poproszeni&nbsp;o wype\u0142nienie ankiety.<\/p>\n\n\n\n<p class=\"has-text-align-left has-small-font-size\">Cz\u0119\u015b\u0107 zagadnie\u0144 b\u0119dzie analogiczna jak w pierwszej ankiecie, cz\u0119\u015b\u0107 mog\u0105 stanowi\u0107 nowe pytania zwi\u0105zane ze zdrowiem, stylem \u017cycia, opiniami.<\/p>\n\n\n\n<p class=\"has-small-font-size\">Szacowany \u015bredni czas wype\u0142nienia ankiety: ok. 60 minut<\/p>\n<\/div>\n\n\n\n<div class=\"wp-block-column is-layout-flow wp-container-core-column-is-layout-e3d1c41b wp-block-column-is-layout-flow\">\n<h3 class=\"wp-block-heading has-text-align-left is-style-asterisk has-body-font-family has-medium-font-size\" style=\"font-style:normal;font-weight:600\">Rok trzeci (pomiar 3)<\/h3>\n\n\n\n<p class=\"has-text-align-left has-small-font-size\">W trzecim pomiarze (po ok. 12 miesi\u0105cach) uczestnicy Badania zostan\u0105 poproszeni&nbsp;o wype\u0142nienie ankiety.<\/p>\n\n\n\n<p class=\"has-text-align-left has-small-font-size\">Ankieta b\u0119dzie obejmowa\u0107 tematy poruszane w poprzednich pomiarach.&nbsp;<\/p>\n\n\n\n<p class=\"has-small-font-size\">Szacowany \u015bredni czas wype\u0142nienia ankiety: ok. 60 minut<\/p>\n<\/div>\n<\/div>\n\n\n\n<div style=\"height:var(--wp--preset--spacing--20)\" aria-hidden=\"true\" class=\"wp-block-spacer\"><\/div>\n<\/div>\n\n\n\n<div class=\"wp-block-group alignfull has-base-color has-contrast-background-color has-text-color has-background has-global-padding is-layout-constrained wp-container-core-group-is-layout-5afe9d9f wp-block-group-is-layout-constrained\" style=\"min-height:50px;margin-top:0;margin-bottom:0;padding-top:var(--wp--preset--spacing--30);padding-right:var(--wp--preset--spacing--60);padding-bottom:var(--wp--preset--spacing--30);padding-left:var(--wp--preset--spacing--60);background-image:url(&apos;https:\/\/www.polares.pl\/wp-content\/uploads\/2026\/02\/colorful-vivid-abstract-background-with-blue-and-purple-with-dark-lines-and-lights-7130472-scaled.jpg&apos;);background-size:cover;background-attachment:fixed;\">\n<div class=\"wp-block-kadence-advancedbtn kb-buttons-wrap kb-btns369_107efc-92\"><a class=\"kb-button kt-button button kb-btn369_d467f7-a4 kt-btn-size-standard kt-btn-width-type-full kb-btn-global-outline  kt-btn-has-text-true kt-btn-has-svg-false  wp-block-kadence-singlebtn\" href=\"https:\/\/www.polares.pl\/index.php\/dla-uczestnikow\/\"><span class=\"kt-btn-inner-text\">Korzy\u015bci z wzi\u0119cia udzia\u0142u &#8211; dowiedz si\u0119 wi\u0119cej<\/span><\/a><\/div>\n<\/div>\n","protected":false},"excerpt":{"rendered":"<p>Badanie w\u015br\u00f3d czterech populacji b\u0119dzie realizowane na przestrzeni kolejnych trzech lat (2026-2029), a ka\u017cda z grup b\u0119dzie mie\u0107 sw\u00f3j harmonogram pomiar\u00f3w.&nbsp; Realizacja badania w populacji mieszka\u0144c\u00f3w Polski&nbsp; Badanie w\u015br\u00f3d doros\u0142ych mieszka\u0144c\u00f3w Polski realizowane jest w formie ankiety wype\u0142nianej samodzielnie (bez wizyt w&nbsp;o\u015brodkach medycznych, wywiad\u00f3w lekarskich i bada\u0144 laboratoryjnych). Badanie trwa 3 lata i obejmuje&nbsp;3 pomiary\/ankiety&nbsp;(co [&hellip;]<\/p>\n","protected":false},"author":2,"featured_media":0,"parent":0,"menu_order":0,"comment_status":"closed","ping_status":"closed","template":"","meta":{"footnotes":""},"class_list":["post-369","page","type-page","status-publish","hentry"],"_links":{"self":[{"href":"https:\/\/www.polares.pl\/index.php\/wp-json\/wp\/v2\/pages\/369","targetHints":{"allow":["GET"]}}],"collection":[{"href":"https:\/\/www.polares.pl\/index.php\/wp-json\/wp\/v2\/pages"}],"about":[{"href":"https:\/\/www.polares.pl\/index.php\/wp-json\/wp\/v2\/types\/page"}],"author":[{"embeddable":true,"href":"https:\/\/www.polares.pl\/index.php\/wp-json\/wp\/v2\/users\/2"}],"replies":[{"embeddable":true,"href":"https:\/\/www.polares.pl\/index.php\/wp-json\/wp\/v2\/comments?post=369"}],"version-history":[{"count":16,"href":"https:\/\/www.polares.pl\/index.php\/wp-json\/wp\/v2\/pages\/369\/revisions"}],"predecessor-version":[{"id":515,"href":"https:\/\/www.polares.pl\/index.php\/wp-json\/wp\/v2\/pages\/369\/revisions\/515"}],"wp:attachment":[{"href":"https:\/\/www.polares.pl\/index.php\/wp-json\/wp\/v2\/media?parent=369"}],"curies":[{"name":"wp","href":"https:\/\/api.w.org\/{rel}","templated":true}]}}