{"id":409,"date":"2026-02-11T08:45:07","date_gmt":"2026-02-11T07:45:07","guid":{"rendered":"https:\/\/www.polares.pl\/?page_id=409"},"modified":"2026-02-11T15:44:25","modified_gmt":"2026-02-11T14:44:25","slug":"polityka-prywatnosci","status":"publish","type":"page","link":"https:\/\/www.polares.pl\/index.php\/polityka-prywatnosci\/","title":{"rendered":"Polityka prywatno\u015bci"},"content":{"rendered":"\n<p>Uniwersytet Warszawski przywi\u0105zuje szczeg\u00f3ln\u0105 wag\u0119 do poszanowania prywatno\u015bci u\u017cytkownik\u00f3w.<\/p>\n\n\n\n<h3 class=\"wp-block-heading\"><strong>Gromadzenie danych<\/strong><\/h3>\n\n\n\n<p>Serwis polares.pl przechowuje zapytania http kierowane do serwera. Zasoby identyfikowane s\u0105 przez adresy URL. W plikach log\u00f3w serwera www przechowywane s\u0105 nast\u0119puj\u0105ce informacje:<\/p>\n\n\n\n<ul class=\"wp-block-list\">\n<li>publiczny adres IP komputera z kt\u00f3rego przysz\u0142o zapytanie,<\/li>\n\n\n\n<li>liczba wys\u0142anych przez serwer bajt\u00f3w,<\/li>\n\n\n\n<li>informacje o przegl\u0105darce u\u017cytkownika,<\/li>\n\n\n\n<li>informacja o czasie w kt\u00f3rym przes\u0142ane by\u0142y dane z serwera.<\/li>\n<\/ul>\n\n\n\n<p>Informacje te nie zawieraj\u0105 danych dotycz\u0105cych to\u017csamo\u015bci u\u017cytkownik\u00f3w, lecz w po\u0142\u0105czeniu z innymi informacjami mog\u0105 stanowi\u0107 dane osobowe i w zwi\u0105zku z tym administrator obejmuje je pe\u0142n\u0105 ochron\u0105 przys\u0142uguj\u0105c\u0105 na mocy przepis\u00f3w reguluj\u0105cych ochron\u0119 danych osobowych.<\/p>\n\n\n\n<h3 class=\"wp-block-heading\"><strong>Wykorzystywanie danych<\/strong><\/h3>\n\n\n\n<p>Zebrane logi przechowywane s\u0105 przez czas nieokre\u015blony jako materia\u0142 pomocniczy s\u0142u\u017c\u0105cy do administrowania serwisem. Informacje w nich zawarte nie s\u0105 ujawniane nikomu poza osobami upowa\u017cnionymi do administrowania serwisem. Na podstawie plik\u00f3w log\u00f3w mog\u0105 by\u0107 generowane statystyki pomocne w administrowaniu.<\/p>\n\n\n\n<h3 class=\"wp-block-heading\"><strong>Informacja dotycz\u0105ca przetwarzania danych osobowych<\/strong><\/h3>\n\n\n\n<p><strong>Administrator<\/strong><\/p>\n\n\n\n<p>Administratorem Pa\u0144stwa danych przetwarzanych jest Uniwersytet Warszawski, ul. Krakowskie Przedmie\u015bcie 26\/28, 00-927 Warszawa.<\/p>\n\n\n\n<p>Z administratorem mo\u017cna kontaktowa\u0107 si\u0119:<\/p>\n\n\n\n<ul class=\"wp-block-list\">\n<li>listownie: Uniwersytet Warszawski, ul. Krakowskie Przedmie\u015bcie 26\/28, 00-927 Warszawa (nale\u017cy wskaza\u0107 jednostk\u0119 organizacyjn\u0105 do kt\u00f3rej kierowana jest korespondencja);<\/li>\n\n\n\n<li>telefonicznie: 22 55 20\u00a0000.<\/li>\n<\/ul>\n\n\n\n<p><strong>Inspektor ochrony danych<\/strong><\/p>\n\n\n\n<p>Administrator wyznaczy\u0142 Inspektora Ochrony Danych, z kt\u00f3rym mog\u0105 si\u0119 Pa\u0144stwo kontaktowa\u0107 mailowo pod adresem:&nbsp;<a href=\"mailto:iod@adm.uw.edu.pl\">iod@adm.uw.edu.pl<\/a>.<\/p>\n\n\n\n<p>Z IOD mo\u017cna kontaktowa\u0107 si\u0119 we wszystkich sprawach dotycz\u0105cych przetwarzania Pa\u0144stwa danych osobowych przez Uniwersytet Warszawski oraz korzystania przez Pa\u0144stwa z praw zwi\u0105zanych z przetwarzaniem danych osobowych.<\/p>\n\n\n\n<p><strong>Cele i podstawy przetwarzania<\/strong><\/p>\n\n\n\n<p>B\u0119dziemy przetwarza\u0107 Pa\u0144stwa dane osobowe w celu:<\/p>\n\n\n\n<ul class=\"wp-block-list\">\n<li>prowadzenia komunikacji z Pa\u0144stwem za pomoc\u0105 poczty elektronicznej lub telefonicznie, je\u015bli zainicjuj\u0105 Pa\u0144stwo tak\u0105 komunikacj\u0119 \u2013 art. 6 ust. 1 lit. c RODO (Rozporz\u0105dzenie Parlamentu Europejskiego i Rady (UE) 2016\/679 z dnia 27 kwietnia 2016 r. w sprawie ochrony os\u00f3b fizycznych w zwi\u0105zku z przetwarzaniem danych osobowych i w sprawie swobodnego przep\u0142ywu takich danych oraz uchylenia dyrektywy 95\/46\/WE \u2013 og\u00f3lne rozporz\u0105dzenie o ochronie danych, Dz. Urz. UE L 119 z 04.05.2016 r., str. 1, z p\u00f3\u017an. zm.). Przetwarzanie jest niezb\u0119dne do wype\u0142nienia obowi\u0105zku prawnego ci\u0105\u017c\u0105cego na administratorze (obowi\u0105zek prawny w szczeg\u00f3lno\u015bci wynika z: ustawy z dnia 20 lipca 2018 r. Prawo o szkolnictwie wy\u017cszym i nauce; ustawy z dnia 16 lipca 2016 r. Prawo telekomunikacyjne, ustawy z dnia 17 lutego 2005 r. o informatyzacji dzia\u0142alno\u015bci podmiot\u00f3w realizuj\u0105cych zadania publiczne;<\/li>\n\n\n\n<li>poprawy jako\u015bci us\u0142ug administrator przetwarza informacje statystyczne dotycz\u0105ce korzystania ze strony \u2013 art. 6 ust. 1 lit. f RODO (prawnie uzasadniony interes administratora polegaj\u0105cy na u\u0142atwieniu korzystania ze strony, poprawy jako\u015bci oraz funkcjonalno\u015bci \u015bwiadczonych us\u0142ug);<\/li>\n\n\n\n<li>wysy\u0142ki newslettera \u2013 art. 6 ust. 1 lit. a RODO (na podstawie zgody osoby, kt\u00f3rej dane dotycz\u0105);<\/li>\n\n\n\n<li>do\u0142\u0105czenia do listy mailingowej dla medi\u00f3w \u2013 art. 6 ust. 1 lit. a RODO (na podstawie zgody osoby, kt\u00f3rej dane dotycz\u0105);<\/li>\n<\/ul>\n\n\n\n<p>Zgody na przetwarzanie danych osobowych mog\u0105 Pa\u0144stwo wycofa\u0107 w dowolnym momencie wysy\u0142aj\u0105c maila na adres: redakcja.www@uw.edu.pl.<\/p>\n\n\n\n<p>Przypominamy jednocze\u015bnie, \u017ce wycofanie przez Pa\u0144stwa zgody nie wp\u0142ywa na zgodno\u015b\u0107 z prawem przetwarzania, kt\u00f3rego dokonano na podstawie Pa\u0144stwa zgody przed jej wycofaniem.<\/p>\n\n\n\n<p>Mo\u017cemy tak\u017ce przetwarza\u0107 Pa\u0144stwa dane osobowe w celu realizacji zadania w interesie publicznym (art. 6 ust. 1 lit. e RODO), a tak\u017ce w uzasadnionych przypadkach b\u0119dziemy przetwarza\u0107 Pa\u0144stwa dane osobowe do cel\u00f3w wynikaj\u0105cych z prawnie uzasadnionych interes\u00f3w realizowanych przez administratora (art. 6 ust. 1 lit. f RODO).<\/p>\n\n\n\n<p><strong>Odbiorcy danych osobowych<\/strong><\/p>\n\n\n\n<p>Dost\u0119p do Pa\u0144stwa danych osobowych b\u0119d\u0105 posiada\u0107 upowa\u017cnieni pracownicy, wsp\u00f3\u0142pracownicy Uniwersytetu Warszawskiego, kt\u00f3rzy musz\u0105 przetwarza\u0107 Pa\u0144stwa dane w zwi\u0105zku z realizowanym zadaniem.<\/p>\n\n\n\n<p>Odbiorcami danych mog\u0105 by\u0107 tak\u017ce podmioty, kt\u00f3rym administrator zleci wykonanie okre\u015blonych czynno\u015bci, z kt\u00f3rymi wi\u0105\u017ce si\u0119 konieczno\u015b\u0107 przetwarzania danych osobowych.<br>W celu zapewnienia nale\u017cytej ochrony danych osobowych z tymi odbiorcami zosta\u0142a podpisana umowa powierzenia przetwarzania danych osobowych.<\/p>\n\n\n\n<p><strong>Okres przechowywania danych osobowych<\/strong><\/p>\n\n\n\n<p>B\u0119dziemy przetwarza\u0107 Pa\u0144stwa dane osobowe do chwili realizacji celu, w kt\u00f3rym dane zosta\u0142y zebrane, a nast\u0119pnie w przypadkach, kt\u00f3re tego wymagaj\u0105 przez okres wskazany w ustawie z dnia 14 lipca 1983 r. o narodowym zasobie archiwalnym i archiwach (Dz. U. z 2018 r. poz. 217 z p\u00f3\u017an. zm.) oraz przepisach ustawy Prawo telekomunikacyjne.<\/p>\n\n\n\n<p><strong>Prawa zwi\u0105zane z przetwarzaniem danych<\/strong><\/p>\n\n\n\n<p>Gwarantujemy Pa\u0144stwu realizacj\u0119 wszystkich Pa\u0144stwa praw na zasadach okre\u015blonych przez RODO tj. prawo do:<\/p>\n\n\n\n<ul class=\"wp-block-list\">\n<li>dost\u0119pu do danych oraz otrzymania ich kopii;<\/li>\n\n\n\n<li>sprostowania (poprawiania) swoich danych osobowych;<\/li>\n\n\n\n<li>ograniczenia przetwarzania danych osobowych;<\/li>\n\n\n\n<li>usuni\u0119cia danych osobowych (z zastrze\u017ceniem art. 17 ust. 3 RODO);<\/li>\n\n\n\n<li>wniesienia skargi do Prezesa Urz\u0119du Ochrony Danych, je\u017celi uznaj\u0105 Pa\u0144stwo, \u017ce przetwarzanie danych osobowych narusza przepisy prawa w zakresie ochrony danych osobowych.<\/li>\n<\/ul>\n\n\n\n<p><strong>Obowi\u0105zek podania danych i konsekwencja niepodania danych<\/strong><\/p>\n\n\n\n<p>Podanie danych, kt\u00f3re przetwarzane s\u0105 w zwi\u0105zku z realizacj\u0105 obowi\u0105zku prawnego jest obowi\u0105zkowe, w przypadku przetwarzania danych na podstawie zgody na przetwarzanie danych osobowych podanie danych jest dobrowolne. Niepodanie danych mo\u017ce utrudni\u0107 lub uniemo\u017cliwi\u0107 realizacj\u0119 cel\u00f3w wskazanych wy\u017cej.<\/p>\n\n\n\n<p>P<a href=\"https:\/\/www.uw.edu.pl\/polityka-obslugi-cookies-ciasteczek-w-serwisach-uw\/#_ftnref1\"><\/a>olityka prywatno\u015bci mo\u017ce by\u0107 uzupe\u0142niania lub uaktualniana zgodnie z bie\u017c\u0105cymi potrzebami administratora w celu zapewnienia aktualnej i rzetelnej informacji u\u017cytkownikom dotycz\u0105cej ich danych osobowych i informacji o nich. Wszelkie zmiany polityki prywatno\u015bci s\u0105 wprowadzane na niniejszej stronie.<\/p>\n","protected":false},"excerpt":{"rendered":"<p>Uniwersytet Warszawski przywi\u0105zuje szczeg\u00f3ln\u0105 wag\u0119 do poszanowania prywatno\u015bci u\u017cytkownik\u00f3w. Gromadzenie danych Serwis polares.pl przechowuje zapytania http kierowane do serwera. Zasoby identyfikowane s\u0105 przez adresy URL. W plikach log\u00f3w serwera www przechowywane s\u0105 nast\u0119puj\u0105ce informacje: Informacje te nie zawieraj\u0105 danych dotycz\u0105cych to\u017csamo\u015bci u\u017cytkownik\u00f3w, lecz w po\u0142\u0105czeniu z innymi informacjami mog\u0105 stanowi\u0107 dane osobowe i w zwi\u0105zku [&hellip;]<\/p>\n","protected":false},"author":2,"featured_media":0,"parent":0,"menu_order":0,"comment_status":"closed","ping_status":"closed","template":"","meta":{"footnotes":""},"class_list":["post-409","page","type-page","status-publish","hentry"],"_links":{"self":[{"href":"https:\/\/www.polares.pl\/index.php\/wp-json\/wp\/v2\/pages\/409","targetHints":{"allow":["GET"]}}],"collection":[{"href":"https:\/\/www.polares.pl\/index.php\/wp-json\/wp\/v2\/pages"}],"about":[{"href":"https:\/\/www.polares.pl\/index.php\/wp-json\/wp\/v2\/types\/page"}],"author":[{"embeddable":true,"href":"https:\/\/www.polares.pl\/index.php\/wp-json\/wp\/v2\/users\/2"}],"replies":[{"embeddable":true,"href":"https:\/\/www.polares.pl\/index.php\/wp-json\/wp\/v2\/comments?post=409"}],"version-history":[{"count":1,"href":"https:\/\/www.polares.pl\/index.php\/wp-json\/wp\/v2\/pages\/409\/revisions"}],"predecessor-version":[{"id":410,"href":"https:\/\/www.polares.pl\/index.php\/wp-json\/wp\/v2\/pages\/409\/revisions\/410"}],"wp:attachment":[{"href":"https:\/\/www.polares.pl\/index.php\/wp-json\/wp\/v2\/media?parent=409"}],"curies":[{"name":"wp","href":"https:\/\/api.w.org\/{rel}","templated":true}]}}